{"id":38573,"date":"2023-02-02T16:03:41","date_gmt":"2023-02-02T16:03:41","guid":{"rendered":"https:\/\/theme-dev.cmsmasters.net\/aesthetica\/?page_id=38573"},"modified":"2025-11-13T17:27:41","modified_gmt":"2025-11-13T20:27:41","slug":"contatos","status":"publish","type":"page","link":"https:\/\/artelislab.com.br\/en\/contatos\/","title":{"rendered":"Contatos"},"content":{"rendered":"<div data-elementor-type=\"wp-page\" data-elementor-id=\"38573\" class=\"elementor elementor-38573\">\n\t\t\t\t<div class=\"elementor-element elementor-element-ced2686 e-flex e-con-boxed cmsmasters-block-default e-con e-parent\" data-id=\"ced2686\" data-element_type=\"container\" data-e-type=\"container\" data-settings=\"{&quot;background_background&quot;:&quot;classic&quot;}\">\n\t\t\t\t\t<div class=\"e-con-inner\">\n\t\t<div class=\"elementor-element elementor-element-bb7c436 e-con-full e-flex cmsmasters-block-default e-con e-child\" data-id=\"bb7c436\" data-element_type=\"container\" data-e-type=\"container\" data-settings=\"{&quot;background_background&quot;:&quot;classic&quot;}\">\n\t\t\t\t<div class=\"elementor-element elementor-element-39c84c1 cmsmasters-line-clamp-no cmsmasters-color-variation-default cmsmasters-pointer-none cmsmasters-block-default cmsmasters-sticky-default elementor-invisible elementor-widget elementor-widget-cmsmasters-title cmsmasters-widget-title\" data-id=\"39c84c1\" data-element_type=\"widget\" data-e-type=\"widget\" data-settings=\"{&quot;_animation&quot;:&quot;cmsmasters-fade-in-up&quot;}\" data-widget_type=\"cmsmasters-title.default\">\n\t\t\t\t\t<h2 class=\"cmsmasters-widget-title__heading\">Fale com a \u00c1rtelis<\/h2>\t\t\t\t<\/div>\n\t\t\t\t<div class=\"elementor-element elementor-element-bef41db cmsmasters-block-default cmsmasters-sticky-default elementor-invisible elementor-widget elementor-widget-text-editor\" data-id=\"bef41db\" data-element_type=\"widget\" data-e-type=\"widget\" data-settings=\"{&quot;_animation&quot;:&quot;cmsmasters-fade-in-up&quot;,&quot;_animation_delay&quot;:400}\" data-widget_type=\"text-editor.default\">\n\t\t\t\t\t\t\t\t\t<p>Nossa equipe de especialistas est\u00e1 sempre \u00e0 disposi\u00e7\u00e3o para lhe atender.<\/p>\t\t\t\t\t\t\t\t<\/div>\n\t\t\t\t<\/div>\n\t\t\t\t\t<\/div>\n\t\t\t\t<\/div>\n\t\t<div class=\"elementor-element elementor-element-739d881 e-flex e-con-boxed cmsmasters-block-default e-con e-parent\" data-id=\"739d881\" data-element_type=\"container\" data-e-type=\"container\">\n\t\t\t\t\t<div class=\"e-con-inner\">\n\t\t<div class=\"elementor-element elementor-element-3fceefb e-con-full e-flex cmsmasters-block-default e-con e-child\" data-id=\"3fceefb\" data-element_type=\"container\" data-e-type=\"container\">\n\t\t\t\t<div class=\"elementor-element elementor-element-2a0e5ac elementor-widget__width-initial cmsmasters-block-default cmsmasters-sticky-default elementor-invisible elementor-widget elementor-widget-heading\" data-id=\"2a0e5ac\" data-element_type=\"widget\" data-e-type=\"widget\" data-settings=\"{&quot;_animation&quot;:&quot;cmsmasters-fade-in-up&quot;}\" data-widget_type=\"heading.default\">\n\t\t\t\t\t<h3 class=\"elementor-heading-title elementor-size-default\">Nossos contatos<\/h3>\t\t\t\t<\/div>\n\t\t\t\t<div class=\"elementor-element elementor-element-c6dddfa cmsmasters-block-default cmsmasters-sticky-default elementor-invisible elementor-widget elementor-widget-text-editor\" data-id=\"c6dddfa\" data-element_type=\"widget\" data-e-type=\"widget\" data-settings=\"{&quot;_animation&quot;:&quot;cmsmasters-fade-in-up&quot;,&quot;_animation_delay&quot;:200}\" data-widget_type=\"text-editor.default\">\n\t\t\t\t\t\t\t\t\t<p>Para falar com a \u00c1rtelis Laborat\u00f3rio Criativo por favor utilize os canais abaixo ou envie a sua mensagem.<\/p>\t\t\t\t\t\t\t\t<\/div>\n\t\t\t\t<div class=\"elementor-element elementor-element-11dc076 elementor-icon-list--layout-traditional elementor-list-item-link-full_width cmsmasters-block-default cmsmasters-sticky-default elementor-widget elementor-widget-icon-list\" data-id=\"11dc076\" data-element_type=\"widget\" data-e-type=\"widget\" data-widget_type=\"icon-list.default\">\n\t\t\t\t\t\t\t<ul class=\"elementor-icon-list-items\">\n\t\t\t\t\t\t\t<li class=\"elementor-icon-list-item\">\n\t\t\t\t\t\t\t\t\t\t\t<a href=\"https:\/\/wa.me\/5531975786666?text=Ol%C3%A1%2C%20gostaria%20de%20falar%20com%20a%20%C3%81rtelis%20Laborat%C3%B3rio%20Criativo\" target=\"_blank\">\n\n\t\t\t\t\t\t\t\t\t\t\t\t<span class=\"elementor-icon-list-icon\">\n\t\t\t\t\t\t\t<svg aria-hidden=\"true\" class=\"e-font-icon-svg e-fab-whatsapp\" viewbox=\"0 0 448 512\" xmlns=\"http:\/\/www.w3.org\/2000\/svg\"><path d=\"M380.9 97.1C339 55.1 283.2 32 223.9 32c-122.4 0-222 99.6-222 222 0 39.1 10.2 77.3 29.6 111L0 480l117.7-30.9c32.4 17.7 68.9 27 106.1 27h.1c122.3 0 224.1-99.6 224.1-222 0-59.3-25.2-115-67.1-157zm-157 341.6c-33.2 0-65.7-8.9-94-25.7l-6.7-4-69.8 18.3L72 359.2l-4.4-7c-18.5-29.4-28.2-63.3-28.2-98.2 0-101.7 82.8-184.5 184.6-184.5 49.3 0 95.6 19.2 130.4 54.1 34.8 34.9 56.2 81.2 56.1 130.5 0 101.8-84.9 184.6-186.6 184.6zm101.2-138.2c-5.5-2.8-32.8-16.2-37.9-18-5.1-1.9-8.8-2.8-12.5 2.8-3.7 5.6-14.3 18-17.6 21.8-3.2 3.7-6.5 4.2-12 1.4-32.6-16.3-54-29.1-75.5-66-5.7-9.8 5.7-9.1 16.3-30.3 1.8-3.7.9-6.9-.5-9.7-1.4-2.8-12.5-30.1-17.1-41.2-4.5-10.8-9.1-9.3-12.5-9.5-3.2-.2-6.9-.2-10.6-.2-3.7 0-9.7 1.4-14.8 6.9-5.1 5.6-19.4 19-19.4 46.3 0 27.3 19.9 53.7 22.6 57.4 2.8 3.7 39.1 59.7 94.8 83.8 35.2 15.2 49 16.5 66.6 13.9 10.7-1.6 32.8-13.4 37.4-26.4 4.6-13 4.6-24.1 3.2-26.4-1.3-2.5-5-3.9-10.5-6.6z\"><\/path><\/svg>\t\t\t\t\t\t<\/span>\n\t\t\t\t\t\t\t\t\t\t<span class=\"elementor-icon-list-text\">(31) 97578-6666<\/span>\n\t\t\t\t\t\t\t\t\t\t\t<\/a>\n\t\t\t\t\t\t\t\t\t<\/li>\n\t\t\t\t\t\t\t\t<li class=\"elementor-icon-list-item\">\n\t\t\t\t\t\t\t\t\t\t\t<a href=\"mailto:contato@artelislab.com.br\" target=\"_blank\">\n\n\t\t\t\t\t\t\t\t\t\t\t\t<span class=\"elementor-icon-list-icon\">\n\t\t\t\t\t\t\t<svg aria-hidden=\"true\" class=\"e-font-icon-svg e-far-envelope\" viewbox=\"0 0 512 512\" xmlns=\"http:\/\/www.w3.org\/2000\/svg\"><path d=\"M464 64H48C21.49 64 0 85.49 0 112v288c0 26.51 21.49 48 48 48h416c26.51 0 48-21.49 48-48V112c0-26.51-21.49-48-48-48zm0 48v40.805c-22.422 18.259-58.168 46.651-134.587 106.49-16.841 13.247-50.201 45.072-73.413 44.701-23.208.375-56.579-31.459-73.413-44.701C106.18 199.465 70.425 171.067 48 152.805V112h416zM48 400V214.398c22.914 18.251 55.409 43.862 104.938 82.646 21.857 17.205 60.134 55.186 103.062 54.955 42.717.231 80.509-37.199 103.053-54.947 49.528-38.783 82.032-64.401 104.947-82.653V400H48z\"><\/path><\/svg>\t\t\t\t\t\t<\/span>\n\t\t\t\t\t\t\t\t\t\t<span class=\"elementor-icon-list-text\">contato@artelislab.com.br<\/span>\n\t\t\t\t\t\t\t\t\t\t\t<\/a>\n\t\t\t\t\t\t\t\t\t<\/li>\n\t\t\t\t\t\t\t\t<li class=\"elementor-icon-list-item\">\n\t\t\t\t\t\t\t\t\t\t\t<a href=\"mailto:contato@artelislab.com.br\" target=\"_blank\">\n\n\t\t\t\t\t\t\t\t\t\t\t\t<span class=\"elementor-icon-list-icon\">\n\t\t\t\t\t\t\t<svg aria-hidden=\"true\" class=\"e-font-icon-svg e-fas-map-marker-alt\" viewbox=\"0 0 384 512\" xmlns=\"http:\/\/www.w3.org\/2000\/svg\"><path d=\"M172.268 501.67C26.97 291.031 0 269.413 0 192 0 85.961 85.961 0 192 0s192 85.961 192 192c0 77.413-26.97 99.031-172.268 309.67-9.535 13.774-29.93 13.773-39.464 0zM192 272c44.183 0 80-35.817 80-80s-35.817-80-80-80-80 35.817-80 80 35.817 80 80 80z\"><\/path><\/svg>\t\t\t\t\t\t<\/span>\n\t\t\t\t\t\t\t\t\t\t<span class=\"elementor-icon-list-text\">Belo Horizonte, Minas Gerais<\/span>\n\t\t\t\t\t\t\t\t\t\t\t<\/a>\n\t\t\t\t\t\t\t\t\t<\/li>\n\t\t\t\t\t\t<\/ul>\n\t\t\t\t\t\t<\/div>\n\t\t\t\t<\/div>\n\t\t<div class=\"elementor-element elementor-element-a506bc1 e-con-full e-flex cmsmasters-block-default e-con e-child\" data-id=\"a506bc1\" data-element_type=\"container\" data-e-type=\"container\">\n\t\t\t\t<div class=\"elementor-element elementor-element-6f3e75a cmsmasters-block-default cmsmasters-sticky-default elementor-widget elementor-widget-google_maps\" data-id=\"6f3e75a\" data-element_type=\"widget\" data-e-type=\"widget\" data-widget_type=\"google_maps.default\">\n\t\t\t\t\t\t\t<div class=\"elementor-custom-embed\">\n\t\t\t<iframe loading=\"lazy\"\n\t\t\t\t\tsrc=\"https:\/\/maps.google.com\/maps?q=Belo%20Horizonte%2C%20Minas%20Gerais&#038;t=m&#038;z=12&#038;output=embed&#038;iwloc=near\"\n\t\t\t\t\ttitle=\"Belo Horizonte, Minas Gerais\"\n\t\t\t\t\taria-label=\"Belo Horizonte, Minas Gerais\"\n\t\t\t><\/iframe>\n\t\t<\/div>\n\t\t\t\t\t\t<\/div>\n\t\t\t\t<\/div>\n\t\t\t\t\t<\/div>\n\t\t\t\t<\/div>\n\t\t<div class=\"elementor-element elementor-element-a8b3e6e e-flex e-con-boxed cmsmasters-block-default e-con e-parent\" data-id=\"a8b3e6e\" data-element_type=\"container\" data-e-type=\"container\">\n\t\t\t\t\t<div class=\"e-con-inner\">\n\t\t<div class=\"elementor-element elementor-element-d84bb5f e-con-full e-flex cmsmasters-block-default e-con e-child\" data-id=\"d84bb5f\" data-element_type=\"container\" data-e-type=\"container\">\n\t\t\t\t<div class=\"elementor-element elementor-element-420e386 cmsmasters-block-default cmsmasters-sticky-default elementor-invisible elementor-widget elementor-widget-image\" data-id=\"420e386\" data-element_type=\"widget\" data-e-type=\"widget\" data-settings=\"{&quot;_animation&quot;:&quot;cmsmasters-pop-in&quot;}\" data-widget_type=\"image.default\">\n\t\t\t\t\t\t\t\t\t\t\t\t\t\t\t<img loading=\"lazy\" decoding=\"async\" width=\"1200\" height=\"1800\" src=\"https:\/\/artelislab.com.br\/wp-content\/uploads\/2025\/11\/Profi-7553.jpg\" class=\"attachment-full size-full wp-image-58113\" alt=\"\" srcset=\"https:\/\/artelislab.com.br\/wp-content\/uploads\/2025\/11\/Profi-7553.jpg 1200w, https:\/\/artelislab.com.br\/wp-content\/uploads\/2025\/11\/Profi-7553-200x300.jpg 200w, https:\/\/artelislab.com.br\/wp-content\/uploads\/2025\/11\/Profi-7553-683x1024.jpg 683w, https:\/\/artelislab.com.br\/wp-content\/uploads\/2025\/11\/Profi-7553-768x1152.jpg 768w, https:\/\/artelislab.com.br\/wp-content\/uploads\/2025\/11\/Profi-7553-1024x1536.jpg 1024w, https:\/\/artelislab.com.br\/wp-content\/uploads\/2025\/11\/Profi-7553-8x12.jpg 8w, https:\/\/artelislab.com.br\/wp-content\/uploads\/2025\/11\/Profi-7553-600x900.jpg 600w\" sizes=\"auto, (max-width: 1200px) 100vw, 1200px\" \/>\t\t\t\t\t\t\t\t\t\t\t\t\t\t\t<\/div>\n\t\t\t\t<\/div>\n\t\t<div class=\"elementor-element elementor-element-90a13e1 e-con-full e-flex cmsmasters-block-default e-con e-child\" data-id=\"90a13e1\" data-element_type=\"container\" data-e-type=\"container\">\n\t\t\t\t<div class=\"elementor-element elementor-element-06e0e5a cmsmasters-block-default cmsmasters-sticky-default elementor-invisible elementor-widget elementor-widget-heading\" data-id=\"06e0e5a\" data-element_type=\"widget\" data-e-type=\"widget\" data-settings=\"{&quot;_animation&quot;:&quot;cmsmasters-fade-in-up&quot;}\" data-widget_type=\"heading.default\">\n\t\t\t\t\t<h3 class=\"elementor-heading-title elementor-size-default\">Envie a sua mensagem<\/h3>\t\t\t\t<\/div>\n\t\t\t\t<div class=\"elementor-element elementor-element-08825f3 cmsmasters-block-default cmsmasters-sticky-default elementor-invisible elementor-widget elementor-widget-text-editor\" data-id=\"08825f3\" data-element_type=\"widget\" data-e-type=\"widget\" data-settings=\"{&quot;_animation&quot;:&quot;cmsmasters-fade-in-up&quot;,&quot;_animation_delay&quot;:200}\" data-widget_type=\"text-editor.default\">\n\t\t\t\t\t\t\t\t\t<p>Nossa equipe de especialistas ir\u00e1 lhe responder o mais breve poss\u00edvel.<\/p>\t\t\t\t\t\t\t\t<\/div>\n\t\t\t\t<div class=\"elementor-element elementor-element-67121ad cmsmasters-block-default cmsmasters-sticky-default elementor-invisible elementor-widget elementor-widget-cmsmasters-forminator\" data-id=\"67121ad\" data-element_type=\"widget\" data-e-type=\"widget\" data-settings=\"{&quot;form_list&quot;:&quot;32&quot;,&quot;_animation&quot;:&quot;cmsmasters-fade-in-up&quot;,&quot;_animation_delay&quot;:400}\" data-widget_type=\"cmsmasters-forminator.default\">\n\t\t\t\t\t<div class=\"elementor-widget-cmsmasters-contact-form__wrapper elementor-widget-cmsmasters-contact-form cmsmasters-default-color cmsmasters-default-font\" id=\"cmsmasters-widget-form-67121ad\">\r\n\t\t\t<div class=\"elementor-widget-cmsmasters-contact-form__inner\"><div class=\"forminator-ui forminator-custom-form forminator-custom-form-32 forminator-design--default forminator-custom forminator_ajax\" data-forminator-render=\"0\" data-form=\"forminator-module-32\" data-uid=\"6a04a136ce9f3\"><br\/><\/div><form\n\t\t\t\tid=\"forminator-module-32\"\n\t\t\t\tclass=\"forminator-ui forminator-custom-form forminator-custom-form-32 forminator-design--default forminator-custom forminator_ajax\"\n\t\t\t\tmethod=\"post\"\n\t\t\t\tdata-forminator-render=\"0\"\n\t\t\t\tdata-form-id=\"32\"\n\t\t\t\t data-color-option=\"default\" data-design=\"default\" data-grid=\"custom\" style=\"display: none;\"\n\t\t\t\tdata-uid=\"6a04a136ce9f3\" action=\"\"\n\t\t\t><div role=\"alert\" aria-live=\"polite\" class=\"forminator-response-message forminator-error\" aria-hidden=\"true\"><\/div><div class=\"forminator-row\"><div id=\"name-1\" class=\"forminator-field-name forminator-col forminator-col-6\"><div class=\"forminator-field\"><input type=\"text\" name=\"name-1\" value=\"\" placeholder=\"Nome\" id=\"forminator-field-name-1_6a04a136ce9f3\" class=\"forminator-input forminator-name--field\" aria-required=\"false\" autocomplete=\"name\" \/><\/div><\/div><div id=\"email-1\" class=\"forminator-field-email forminator-col forminator-col-6\"><div class=\"forminator-field\"><input type=\"email\" name=\"email-1\" value=\"\" placeholder=\"E-Mail\" id=\"forminator-field-email-1_6a04a136ce9f3\" class=\"forminator-input forminator-email--field\" data-required=\"\" aria-required=\"false\" autocomplete=\"email\" \/><\/div><\/div><\/div><div class=\"forminator-row\"><div id=\"phone-1\" class=\"forminator-field-phone forminator-col forminator-col-12\"><div class=\"forminator-field\"><input type=\"text\" name=\"phone-1\" value=\"\" placeholder=\"Telefone\" id=\"forminator-field-phone-1_6a04a136ce9f3\" class=\"forminator-input forminator-field--phone\" data-required=\"1\" aria-required=\"true\" autocomplete=\"off\" data-national_mode=\"enabled\" data-country=\"br\" data-validation=\"standard\" \/><\/div><\/div><\/div><div class=\"forminator-row\"><div id=\"textarea-1\" class=\"forminator-field-textarea forminator-col forminator-col-12\"><div class=\"forminator-field\"><textarea name=\"textarea-1\" placeholder=\"Mensagem\" id=\"forminator-field-textarea-1_6a04a136ce9f3\" class=\"forminator-textarea\" rows=\"6\" style=\"--forminator-textarea-min-height:140px;\" ><\/textarea><\/div><\/div><\/div><input type=\"hidden\" name=\"referer_url\" value=\"\" \/><div class=\"forminator-row forminator-row-last\"><div class=\"forminator-col\"><div class=\"forminator-field\"><button class=\"forminator-button forminator-button-submit\">Enviar<\/button><\/div><\/div><\/div><input type=\"hidden\" id=\"forminator_nonce\" name=\"forminator_nonce\" value=\"57a7a9f3c6\" \/><input type=\"hidden\" name=\"_wp_http_referer\" value=\"\/en\/wp-json\/wp\/v2\/pages\/38573\" \/><input type=\"hidden\" name=\"form_id\" value=\"32\"><input type=\"hidden\" name=\"page_id\" value=\"38573\"><input type=\"hidden\" name=\"form_type\" value=\"default\"><input type=\"hidden\" name=\"current_url\" value=\"https:\/\/artelislab.com.br\/en\/contatos\/\"><input type=\"hidden\" name=\"render_id\" value=\"0\"><input type=\"hidden\" name=\"action\" value=\"forminator_submit_form_custom-forms\"><label for=\"input_5\" class=\"forminator-hidden\" aria-hidden=\"true\">Please do not fill in this field. <input id=\"input_5\" type=\"text\" name=\"input_5\" value=\"\" autocomplete=\"off\"><\/label><input type=\"hidden\" name=\"trp-form-language\" value=\"en\"\/><\/form><\/div>\r\n\t\t<\/div>\t\t\t\t<\/div>\n\t\t\t\t<\/div>\n\t\t\t\t\t<\/div>\n\t\t\t\t<\/div>\n\t\t\t\t<\/div>","protected":false},"excerpt":{"rendered":"<p>Fale com a \u00c1rtelis Nossa equipe de especialistas est\u00e1 sempre \u00e0 disposi\u00e7\u00e3o para lhe atender. Nossos contatos Para falar com a \u00c1rtelis Laborat\u00f3rio Criativo por favor utilize os canais abaixo ou envie a sua mensagem. (31) 97578-6666 contato@artelislab.com.br Belo Horizonte, Minas Gerais Envie a sua mensagem Nossa equipe de especialistas ir\u00e1 lhe responder o mais&#8230;<\/p>","protected":false},"author":1,"featured_media":0,"parent":0,"menu_order":0,"comment_status":"closed","ping_status":"closed","template":"","meta":{"_acf_changed":false,"nf_dc_page":"","_monsterinsights_skip_tracking":false,"_monsterinsights_sitenote_active":false,"_monsterinsights_sitenote_note":"","_monsterinsights_sitenote_category":0,"footnotes":""},"class_list":["post-38573","page","type-page","status-publish","hentry"],"acf":[],"yoast_head":"<!-- This site is optimized with the Yoast SEO plugin v27.6 - https:\/\/yoast.com\/product\/yoast-seo-wordpress\/ -->\n<title>Contatos - Artelis Laborat\u00f3rio Criativo<\/title>\n<meta name=\"robots\" content=\"index, follow, max-snippet:-1, max-image-preview:large, max-video-preview:-1\" \/>\n<link rel=\"canonical\" href=\"https:\/\/artelislab.com.br\/en\/contatos\/\" \/>\n<meta property=\"og:locale\" content=\"en_US\" \/>\n<meta property=\"og:type\" content=\"article\" \/>\n<meta property=\"og:title\" content=\"Contatos - Artelis Laborat\u00f3rio Criativo\" \/>\n<meta property=\"og:description\" content=\"Fale com a \u00c1rtelis Nossa equipe de especialistas est\u00e1 sempre \u00e0 disposi\u00e7\u00e3o para lhe atender. Nossos contatos Para falar com a \u00c1rtelis Laborat\u00f3rio Criativo por favor utilize os canais abaixo ou envie a sua mensagem. (31) 97578-6666 contato@artelislab.com.br Belo Horizonte, Minas Gerais Envie a sua mensagem Nossa equipe de especialistas ir\u00e1 lhe responder o mais...\" \/>\n<meta property=\"og:url\" content=\"https:\/\/artelislab.com.br\/en\/contatos\/\" \/>\n<meta property=\"og:site_name\" content=\"Artelis Laborat\u00f3rio Criativo\" \/>\n<meta property=\"article:modified_time\" content=\"2025-11-13T20:27:41+00:00\" \/>\n<meta property=\"og:image\" content=\"https:\/\/artelislab.com.br\/wp-content\/uploads\/2025\/11\/Profi-7553.jpg\" \/>\n\t<meta property=\"og:image:width\" content=\"1200\" \/>\n\t<meta property=\"og:image:height\" content=\"1800\" \/>\n\t<meta property=\"og:image:type\" content=\"image\/jpeg\" \/>\n<meta name=\"twitter:card\" content=\"summary_large_image\" \/>\n<meta name=\"twitter:label1\" content=\"Est. reading time\" \/>\n\t<meta name=\"twitter:data1\" content=\"1 minute\" \/>\n<script type=\"application\/ld+json\" class=\"yoast-schema-graph\">{\"@context\":\"https:\\\/\\\/schema.org\",\"@graph\":[{\"@type\":\"WebPage\",\"@id\":\"https:\\\/\\\/artelislab.com.br\\\/contatos\\\/\",\"url\":\"https:\\\/\\\/artelislab.com.br\\\/contatos\\\/\",\"name\":\"Contatos - Artelis Laborat\u00f3rio Criativo\",\"isPartOf\":{\"@id\":\"https:\\\/\\\/artelislab.com.br\\\/#website\"},\"primaryImageOfPage\":{\"@id\":\"https:\\\/\\\/artelislab.com.br\\\/contatos\\\/#primaryimage\"},\"image\":{\"@id\":\"https:\\\/\\\/artelislab.com.br\\\/contatos\\\/#primaryimage\"},\"thumbnailUrl\":\"https:\\\/\\\/artelislab.com.br\\\/wp-content\\\/uploads\\\/2025\\\/11\\\/Profi-7553.jpg\",\"datePublished\":\"2023-02-02T16:03:41+00:00\",\"dateModified\":\"2025-11-13T20:27:41+00:00\",\"breadcrumb\":{\"@id\":\"https:\\\/\\\/artelislab.com.br\\\/contatos\\\/#breadcrumb\"},\"inLanguage\":\"en-US\",\"potentialAction\":[{\"@type\":\"ReadAction\",\"target\":[\"https:\\\/\\\/artelislab.com.br\\\/contatos\\\/\"]}]},{\"@type\":\"ImageObject\",\"inLanguage\":\"en-US\",\"@id\":\"https:\\\/\\\/artelislab.com.br\\\/contatos\\\/#primaryimage\",\"url\":\"https:\\\/\\\/artelislab.com.br\\\/wp-content\\\/uploads\\\/2025\\\/11\\\/Profi-7553.jpg\",\"contentUrl\":\"https:\\\/\\\/artelislab.com.br\\\/wp-content\\\/uploads\\\/2025\\\/11\\\/Profi-7553.jpg\"},{\"@type\":\"BreadcrumbList\",\"@id\":\"https:\\\/\\\/artelislab.com.br\\\/contatos\\\/#breadcrumb\",\"itemListElement\":[{\"@type\":\"ListItem\",\"position\":1,\"name\":\"In\u00edcio\",\"item\":\"https:\\\/\\\/artelislab.com.br\\\/\"},{\"@type\":\"ListItem\",\"position\":2,\"name\":\"Contatos\"}]},{\"@type\":\"WebSite\",\"@id\":\"https:\\\/\\\/artelislab.com.br\\\/#website\",\"url\":\"https:\\\/\\\/artelislab.com.br\\\/\",\"name\":\"Artelis Laborat\u00f3rio Criativo\",\"description\":\"\",\"publisher\":{\"@id\":\"https:\\\/\\\/artelislab.com.br\\\/#organization\"},\"potentialAction\":[{\"@type\":\"SearchAction\",\"target\":{\"@type\":\"EntryPoint\",\"urlTemplate\":\"https:\\\/\\\/artelislab.com.br\\\/?s={search_term_string}\"},\"query-input\":{\"@type\":\"PropertyValueSpecification\",\"valueRequired\":true,\"valueName\":\"search_term_string\"}}],\"inLanguage\":\"en-US\"},{\"@type\":\"Organization\",\"@id\":\"https:\\\/\\\/artelislab.com.br\\\/#organization\",\"name\":\"Artelis Laborat\u00f3rio Criativo\",\"url\":\"https:\\\/\\\/artelislab.com.br\\\/\",\"logo\":{\"@type\":\"ImageObject\",\"inLanguage\":\"en-US\",\"@id\":\"https:\\\/\\\/artelislab.com.br\\\/#\\\/schema\\\/logo\\\/image\\\/\",\"url\":\"https:\\\/\\\/artelislab.com.br\\\/wp-content\\\/uploads\\\/2025\\\/10\\\/logo-1.png\",\"contentUrl\":\"https:\\\/\\\/artelislab.com.br\\\/wp-content\\\/uploads\\\/2025\\\/10\\\/logo-1.png\",\"width\":1000,\"height\":482,\"caption\":\"Artelis Laborat\u00f3rio Criativo\"},\"image\":{\"@id\":\"https:\\\/\\\/artelislab.com.br\\\/#\\\/schema\\\/logo\\\/image\\\/\"},\"sameAs\":[\"https:\\\/\\\/www.instagram.com\\\/artelislab\\\/\"]}]}<\/script>\n<!-- \/ Yoast SEO plugin. -->","yoast_head_json":{"title":"Contatos - Artelis Laborat\u00f3rio Criativo","robots":{"index":"index","follow":"follow","max-snippet":"max-snippet:-1","max-image-preview":"max-image-preview:large","max-video-preview":"max-video-preview:-1"},"canonical":"https:\/\/artelislab.com.br\/en\/contatos\/","og_locale":"en_US","og_type":"article","og_title":"Contatos - Artelis Laborat\u00f3rio Criativo","og_description":"Fale com a \u00c1rtelis Nossa equipe de especialistas est\u00e1 sempre \u00e0 disposi\u00e7\u00e3o para lhe atender. Nossos contatos Para falar com a \u00c1rtelis Laborat\u00f3rio Criativo por favor utilize os canais abaixo ou envie a sua mensagem. (31) 97578-6666 contato@artelislab.com.br Belo Horizonte, Minas Gerais Envie a sua mensagem Nossa equipe de especialistas ir\u00e1 lhe responder o mais...","og_url":"https:\/\/artelislab.com.br\/en\/contatos\/","og_site_name":"Artelis Laborat\u00f3rio Criativo","article_modified_time":"2025-11-13T20:27:41+00:00","og_image":[{"width":1200,"height":1800,"url":"https:\/\/artelislab.com.br\/wp-content\/uploads\/2025\/11\/Profi-7553.jpg","type":"image\/jpeg"}],"twitter_card":"summary_large_image","twitter_misc":{"Est. reading time":"1 minute"},"schema":{"@context":"https:\/\/schema.org","@graph":[{"@type":"WebPage","@id":"https:\/\/artelislab.com.br\/contatos\/","url":"https:\/\/artelislab.com.br\/contatos\/","name":"Contatos - Artelis Laborat\u00f3rio Criativo","isPartOf":{"@id":"https:\/\/artelislab.com.br\/#website"},"primaryImageOfPage":{"@id":"https:\/\/artelislab.com.br\/contatos\/#primaryimage"},"image":{"@id":"https:\/\/artelislab.com.br\/contatos\/#primaryimage"},"thumbnailUrl":"https:\/\/artelislab.com.br\/wp-content\/uploads\/2025\/11\/Profi-7553.jpg","datePublished":"2023-02-02T16:03:41+00:00","dateModified":"2025-11-13T20:27:41+00:00","breadcrumb":{"@id":"https:\/\/artelislab.com.br\/contatos\/#breadcrumb"},"inLanguage":"en-US","potentialAction":[{"@type":"ReadAction","target":["https:\/\/artelislab.com.br\/contatos\/"]}]},{"@type":"ImageObject","inLanguage":"en-US","@id":"https:\/\/artelislab.com.br\/contatos\/#primaryimage","url":"https:\/\/artelislab.com.br\/wp-content\/uploads\/2025\/11\/Profi-7553.jpg","contentUrl":"https:\/\/artelislab.com.br\/wp-content\/uploads\/2025\/11\/Profi-7553.jpg"},{"@type":"BreadcrumbList","@id":"https:\/\/artelislab.com.br\/contatos\/#breadcrumb","itemListElement":[{"@type":"ListItem","position":1,"name":"In\u00edcio","item":"https:\/\/artelislab.com.br\/"},{"@type":"ListItem","position":2,"name":"Contatos"}]},{"@type":"WebSite","@id":"https:\/\/artelislab.com.br\/#website","url":"https:\/\/artelislab.com.br\/","name":"Artelis Laborat\u00f3rio Criativo","description":"","publisher":{"@id":"https:\/\/artelislab.com.br\/#organization"},"potentialAction":[{"@type":"SearchAction","target":{"@type":"EntryPoint","urlTemplate":"https:\/\/artelislab.com.br\/?s={search_term_string}"},"query-input":{"@type":"PropertyValueSpecification","valueRequired":true,"valueName":"search_term_string"}}],"inLanguage":"en-US"},{"@type":"Organization","@id":"https:\/\/artelislab.com.br\/#organization","name":"Artelis Laborat\u00f3rio Criativo","url":"https:\/\/artelislab.com.br\/","logo":{"@type":"ImageObject","inLanguage":"en-US","@id":"https:\/\/artelislab.com.br\/#\/schema\/logo\/image\/","url":"https:\/\/artelislab.com.br\/wp-content\/uploads\/2025\/10\/logo-1.png","contentUrl":"https:\/\/artelislab.com.br\/wp-content\/uploads\/2025\/10\/logo-1.png","width":1000,"height":482,"caption":"Artelis Laborat\u00f3rio Criativo"},"image":{"@id":"https:\/\/artelislab.com.br\/#\/schema\/logo\/image\/"},"sameAs":["https:\/\/www.instagram.com\/artelislab\/"]}]}},"_links":{"self":[{"href":"https:\/\/artelislab.com.br\/en\/wp-json\/wp\/v2\/pages\/38573","targetHints":{"allow":["GET"]}}],"collection":[{"href":"https:\/\/artelislab.com.br\/en\/wp-json\/wp\/v2\/pages"}],"about":[{"href":"https:\/\/artelislab.com.br\/en\/wp-json\/wp\/v2\/types\/page"}],"author":[{"embeddable":true,"href":"https:\/\/artelislab.com.br\/en\/wp-json\/wp\/v2\/users\/1"}],"replies":[{"embeddable":true,"href":"https:\/\/artelislab.com.br\/en\/wp-json\/wp\/v2\/comments?post=38573"}],"version-history":[{"count":14,"href":"https:\/\/artelislab.com.br\/en\/wp-json\/wp\/v2\/pages\/38573\/revisions"}],"predecessor-version":[{"id":58159,"href":"https:\/\/artelislab.com.br\/en\/wp-json\/wp\/v2\/pages\/38573\/revisions\/58159"}],"wp:attachment":[{"href":"https:\/\/artelislab.com.br\/en\/wp-json\/wp\/v2\/media?parent=38573"}],"curies":[{"name":"wp","href":"https:\/\/api.w.org\/{rel}","templated":true}]}}